{"id":15,"date":"2017-10-20T20:08:41","date_gmt":"2017-10-20T18:08:41","guid":{"rendered":"http:\/\/kast-aigner.de\/?page_id=15"},"modified":"2017-11-13T13:49:47","modified_gmt":"2017-11-13T12:49:47","slug":"kanzlei","status":"publish","type":"page","link":"https:\/\/www.kast-aigner.de\/?page_id=15","title":{"rendered":"Kanzlei"},"content":{"rendered":"<p>In unserer Kanzlei betreuen wir vor allem kleine und mittelst\u00e4ndische Unternehmen sowie Privatpersonen in zivil- und wirtschaftsrechtlichen Fragen.<\/p>\n<p><u>Schwerpunkte unserer T\u00e4tigkeit sind:<br \/>\n<\/u><\/p>\n<table style=\"width: 700px;\">\n<tbody>\n<tr>\n<td style=\"width: 16.5px; text-align: left; vertical-align: top;\">&#8211;<\/td>\n<td style=\"width: 639.5px; text-align: left; vertical-align: top;\"><b>Gesellschaftsrecht<\/b><br \/>\nGr\u00fcndung, GmbH, AG, KG, OHG, Haftung,<br \/>\nHaftungsbeschr\u00e4nkung, Handelsregister, Prokura, etc.<\/td>\n<\/tr>\n<tr>\n<td style=\"width: 16.5px; text-align: left; vertical-align: top;\">&#8211;<\/td>\n<td style=\"width: 639.5px; text-align: left; vertical-align: top;\"><b>Unternehmensrecht, Unternehmensnachfolge<\/b><\/td>\n<\/tr>\n<tr>\n<td style=\"width: 16.5px; text-align: left; vertical-align: top;\">&#8211;<\/td>\n<td style=\"width: 639.5px; text-align: left; vertical-align: top;\"><b>Erbrecht<\/b><br \/>\nTestament, Erbvertrag, Erbfolge, Pflichtteil, Erbengemeinschaft,<br \/>\nErbschein, Nachlassplanung, Testamentsvollstreckung,<b> <\/b>etc.<\/td>\n<\/tr>\n<tr>\n<td style=\"width: 16.5px; text-align: left; vertical-align: top;\">&#8211;<\/td>\n<td style=\"width: 639.5px; text-align: left; vertical-align: top;\"><b>Arbeitsrecht<\/b><\/td>\n<\/tr>\n<tr>\n<td style=\"width: 16.5px; text-align: left; vertical-align: top;\">&#8211;<\/td>\n<td style=\"width: 639.5px; text-align: left; vertical-align: top;\"><b>Forderungseinzug und Inkasso<\/b><\/td>\n<\/tr>\n<tr>\n<td style=\"width: 16.5px; text-align: left; vertical-align: top;\">&#8211;<\/td>\n<td style=\"width: 639.5px; text-align: left; vertical-align: top;\"><b>Vertragsrecht<br \/>\n<\/b>Vertragsfragen, AGB, Fernabsatzvertrag, Online-Kauf,<br \/>\nGarantie, Gew\u00e4hrleistung, Haftungsausschluss etc.<b><br \/>\n<\/b><\/td>\n<\/tr>\n<\/tbody>\n<\/table>\n<p>Unser \u00fcber Jahre hinweg gewachsenes und vielfach erprobtes Netzwerk von anwaltlichen Kollegen, Steuerberatern, Wirtschaftspr\u00fcfern und Unternehmensberatern erm\u00f6glicht es uns, unsere Mandanten auch bei komplexen und fach\u00fcbergreifenden Fragen und Transaktionen zu betreuen.<\/p>\n","protected":false},"excerpt":{"rendered":"<p>In unserer Kanzlei betreuen wir vor allem kleine und mittelst\u00e4ndische Unternehmen sowie Privatpersonen in zivil- und wirtschaftsrechtlichen Fragen. Schwerpunkte unserer T\u00e4tigkeit sind: &#8211; Gesellschaftsrecht Gr\u00fcndung, GmbH, AG, KG, OHG, Haftung, Haftungsbeschr\u00e4nkung, Handelsregister, Prokura, etc. &#8211; Unternehmensrecht, Unternehmensnachfolge &#8211; Erbrecht Testament, Erbvertrag, Erbfolge, Pflichtteil, Erbengemeinschaft, Erbschein, Nachlassplanung, Testamentsvollstreckung, etc. &#8211; Arbeitsrecht &#8211; Forderungseinzug und Inkasso &#8211;&#8230;<\/p>\n","protected":false},"author":1,"featured_media":0,"parent":0,"menu_order":0,"comment_status":"closed","ping_status":"closed","template":"","meta":{"footnotes":""},"class_list":["post-15","page","type-page","status-publish","hentry"],"_links":{"self":[{"href":"https:\/\/www.kast-aigner.de\/index.php?rest_route=\/wp\/v2\/pages\/15","targetHints":{"allow":["GET"]}}],"collection":[{"href":"https:\/\/www.kast-aigner.de\/index.php?rest_route=\/wp\/v2\/pages"}],"about":[{"href":"https:\/\/www.kast-aigner.de\/index.php?rest_route=\/wp\/v2\/types\/page"}],"author":[{"embeddable":true,"href":"https:\/\/www.kast-aigner.de\/index.php?rest_route=\/wp\/v2\/users\/1"}],"replies":[{"embeddable":true,"href":"https:\/\/www.kast-aigner.de\/index.php?rest_route=%2Fwp%2Fv2%2Fcomments&post=15"}],"version-history":[{"count":5,"href":"https:\/\/www.kast-aigner.de\/index.php?rest_route=\/wp\/v2\/pages\/15\/revisions"}],"predecessor-version":[{"id":144,"href":"https:\/\/www.kast-aigner.de\/index.php?rest_route=\/wp\/v2\/pages\/15\/revisions\/144"}],"wp:attachment":[{"href":"https:\/\/www.kast-aigner.de\/index.php?rest_route=%2Fwp%2Fv2%2Fmedia&parent=15"}],"curies":[{"name":"wp","href":"https:\/\/api.w.org\/{rel}","templated":true}]}}