{"id":17,"date":"2017-10-20T20:09:08","date_gmt":"2017-10-20T18:09:08","guid":{"rendered":"http:\/\/kast-aigner.de\/?page_id=17"},"modified":"2025-05-21T21:13:10","modified_gmt":"2025-05-21T19:13:10","slug":"lage","status":"publish","type":"page","link":"https:\/\/www.kast-aigner.de\/?page_id=17","title":{"rendered":"Lage"},"content":{"rendered":"<p>Unsere Kanzleir\u00e4ume befinden sich in der historischen Brauerei-M\u00e4lzerei der Hofmark Gern in Eggenfelden. An der Birkenallee zum Sportzentrum stehen unseren Mandanten ausreichend kostenlose Parkpl\u00e4tze zur Verf\u00fcgung. Nach kurzem Fu\u00dfweg \u00fcber die Rott-Br\u00fccke befindet sich auf der linken Seite \u2013 gegen\u00fcber dem \u201eUnterwirt\u201c \u2013 nach dem Torbogen der Eingang zum \u201eSud\u201c und damit zu unseren Kanzleir\u00e4umen. Dort werden Sie direkt in Empfang genommen.<\/p>\n<p><iframe loading=\"lazy\" style=\"border: 0;\" src=\"https:\/\/www.google.com\/maps\/embed?pb=!1m18!1m12!1m3!1d2648.9164702736757!2d12.77353067744612!3d48.40054723281591!2m3!1f0!2f0!3f0!3m2!1i1024!2i768!4f13.1!3m3!1m2!1s0x4775b97a7d8aa165%3A0x75f39eaaf271ce7f!2sHofmark%2031%2C%2084307%20Eggenfelden!5e0!3m2!1sde!2sde!4v1747854638883!5m2!1sde!2sde\" width=\"600\" height=\"450\" allowfullscreen=\"allowfullscreen\"><\/iframe><\/p>\n","protected":false},"excerpt":{"rendered":"<p>Unsere Kanzleir\u00e4ume befinden sich in der historischen Brauerei-M\u00e4lzerei der Hofmark Gern in Eggenfelden. An der Birkenallee zum Sportzentrum stehen unseren Mandanten ausreichend kostenlose Parkpl\u00e4tze zur Verf\u00fcgung. Nach kurzem Fu\u00dfweg \u00fcber die Rott-Br\u00fccke befindet sich auf der linken Seite \u2013 gegen\u00fcber dem \u201eUnterwirt\u201c \u2013 nach dem Torbogen der Eingang zum \u201eSud\u201c und damit zu unseren Kanzleir\u00e4umen&#8230;.<\/p>\n","protected":false},"author":1,"featured_media":0,"parent":0,"menu_order":0,"comment_status":"closed","ping_status":"closed","template":"","meta":{"footnotes":""},"class_list":["post-17","page","type-page","status-publish","hentry"],"_links":{"self":[{"href":"https:\/\/www.kast-aigner.de\/index.php?rest_route=\/wp\/v2\/pages\/17","targetHints":{"allow":["GET"]}}],"collection":[{"href":"https:\/\/www.kast-aigner.de\/index.php?rest_route=\/wp\/v2\/pages"}],"about":[{"href":"https:\/\/www.kast-aigner.de\/index.php?rest_route=\/wp\/v2\/types\/page"}],"author":[{"embeddable":true,"href":"https:\/\/www.kast-aigner.de\/index.php?rest_route=\/wp\/v2\/users\/1"}],"replies":[{"embeddable":true,"href":"https:\/\/www.kast-aigner.de\/index.php?rest_route=%2Fwp%2Fv2%2Fcomments&post=17"}],"version-history":[{"count":14,"href":"https:\/\/www.kast-aigner.de\/index.php?rest_route=\/wp\/v2\/pages\/17\/revisions"}],"predecessor-version":[{"id":54229,"href":"https:\/\/www.kast-aigner.de\/index.php?rest_route=\/wp\/v2\/pages\/17\/revisions\/54229"}],"wp:attachment":[{"href":"https:\/\/www.kast-aigner.de\/index.php?rest_route=%2Fwp%2Fv2%2Fmedia&parent=17"}],"curies":[{"name":"wp","href":"https:\/\/api.w.org\/{rel}","templated":true}]}}