{"id":21,"date":"2017-10-20T20:10:03","date_gmt":"2017-10-20T18:10:03","guid":{"rendered":"http:\/\/kast-aigner.de\/?page_id=21"},"modified":"2026-03-19T14:44:55","modified_gmt":"2026-03-19T13:44:55","slug":"impressum","status":"publish","type":"page","link":"https:\/\/www.kast-aigner.de\/?page_id=21","title":{"rendered":"Impressum"},"content":{"rendered":"<p>Kast &amp; Aigner Rechtsanw\u00e4lte<br \/>\nPartnerschaftsgesellschaft mbB<br \/>\nHofmark 31<br \/>\n84307 Eggenfelden<br \/>\nTelefon: +49 (0)8721 12887-0<br \/>\nTelefax: +49 (0)8721 12887-49<br \/>\nE-Mail: kanzlei@kast-aigner.de<\/p>\n<p>Vertretungsberechtigt:<br \/>\nFlorian Kast<br \/>\nSebastian Aigner<\/p>\n<p>Umsatsteuer-ID: DE294224532<\/p>\n<p>Partnerschaftsregister: Amtsgericht Landshut<br \/>\nPartnerschaftsregisternummer: PR 66<\/p>\n<hr \/>\n<p>Berufsbezeichnung:<br \/>\nRechtsanwalt (verliehen in der Bundesrepublik Deutschland)<\/p>\n<p>Zust\u00e4ndige Aufsichtsbeh\u00f6rde und Rechtsanwaltskammer:<br \/>\nRechtsanwaltskammer M\u00fcnchen, Tal 33, 80331 M\u00fcnchen<br \/>\nTelefon: +49 (0)89\/53 29 44-0<br \/>\nTelefax: +49 (0)89\/53 29 44-28<\/p>\n<p>Angaben zur Berufshaftpflichtversicherung:<br \/>\nN\u00fcrnberger Allgemeine Versicherungs-AG, Ostendstra\u00dfe 100, 90334 N\u00fcrnberg<br \/>\nDer Versicherungsschutz bezieht sich auf Haftpflichtanspr\u00fcche, die vor Gerichten in Staaten der Eur\u00f6p\u00e4ischen Union geltend gemacht werden.<br \/>\nGeltungsraum der Versicherung: Im gesamten EU-Gebiet und den Staaten des Abkommens \u00fcber den Europ\u00e4ischen Wirtschaftsraum. Im Einzelfall kann der Geltungsraum durch die Berufshaftpflichtversicherung des Rechtsanwalts abgekl\u00e4rt werden.<\/p>\n<p>Berufsrechtliche Regelungen:<br \/>\nBundesrechtsanwaltsordnung (BRAO), Berufsordnung f\u00fcr Rechtsanw\u00e4lte (BORA), Fachanwaltsordnung (FAO), Gesetz \u00fcber die Verg\u00fctung der Rechtsanw\u00e4ltinnen und Rechtsanw\u00e4lte (RVG), Berufsregelungen der Rechtsanw\u00e4lte der Europ\u00e4ischen Union (EuRAG)<br \/>\nDie Regelungen k\u00f6nnen bei der Bundesrechtsanwaltskammer unter www.brak.de eingesehen werden.<\/p>\n<p>Hinweis gem. ODR-Verordnung:<br \/>\nDie Europ\u00e4ische Kommission stellt eine Plattform zur Online-Streitbeilegung bereit, die Sie unter <a href=\"https:\/\/ec.europa.eu\/consumers\/odr\" target=\"_blank\" rel=\"noopener noreferrer\">https:\/\/ec.europa.eu\/consumers\/odr<\/a> finden.<\/p>\n<p>Hinweis gem. \u00a7 36 VSBG:<br \/>\nKast &amp; Aigner Rechtsanw\u00e4lte Partnerschaftsgesellschaft mbB wird nicht an einem Streitbeilegungsverfahren vor einer Verbraucherschlichtungsstelle teilnehmen und ist hierzu auch nicht verpflichtet.<\/p>\n","protected":false},"excerpt":{"rendered":"<p>Kast &amp; Aigner Rechtsanw\u00e4lte Partnerschaftsgesellschaft mbB Hofmark 31 84307 Eggenfelden Telefon: +49 (0)8721 12887-0 Telefax: +49 (0)8721 12887-49 E-Mail: kanzlei@kast-aigner.de Vertretungsberechtigt: Florian Kast Sebastian Aigner Umsatsteuer-ID: DE294224532 Partnerschaftsregister: Amtsgericht Landshut Partnerschaftsregisternummer: PR 66 Berufsbezeichnung: Rechtsanwalt (verliehen in der Bundesrepublik Deutschland) Zust\u00e4ndige Aufsichtsbeh\u00f6rde und Rechtsanwaltskammer: Rechtsanwaltskammer M\u00fcnchen, Tal 33, 80331 M\u00fcnchen Telefon: +49 (0)89\/53 29 44-0&#8230;<\/p>\n","protected":false},"author":1,"featured_media":0,"parent":0,"menu_order":0,"comment_status":"closed","ping_status":"closed","template":"","meta":{"footnotes":""},"class_list":["post-21","page","type-page","status-publish","hentry"],"_links":{"self":[{"href":"https:\/\/www.kast-aigner.de\/index.php?rest_route=\/wp\/v2\/pages\/21","targetHints":{"allow":["GET"]}}],"collection":[{"href":"https:\/\/www.kast-aigner.de\/index.php?rest_route=\/wp\/v2\/pages"}],"about":[{"href":"https:\/\/www.kast-aigner.de\/index.php?rest_route=\/wp\/v2\/types\/page"}],"author":[{"embeddable":true,"href":"https:\/\/www.kast-aigner.de\/index.php?rest_route=\/wp\/v2\/users\/1"}],"replies":[{"embeddable":true,"href":"https:\/\/www.kast-aigner.de\/index.php?rest_route=%2Fwp%2Fv2%2Fcomments&post=21"}],"version-history":[{"count":11,"href":"https:\/\/www.kast-aigner.de\/index.php?rest_route=\/wp\/v2\/pages\/21\/revisions"}],"predecessor-version":[{"id":54259,"href":"https:\/\/www.kast-aigner.de\/index.php?rest_route=\/wp\/v2\/pages\/21\/revisions\/54259"}],"wp:attachment":[{"href":"https:\/\/www.kast-aigner.de\/index.php?rest_route=%2Fwp%2Fv2%2Fmedia&parent=21"}],"curies":[{"name":"wp","href":"https:\/\/api.w.org\/{rel}","templated":true}]}}