{"id":28011,"date":"2020-10-07T13:40:51","date_gmt":"2020-10-07T11:40:51","guid":{"rendered":"https:\/\/www.kast-aigner.de\/?page_id=28011"},"modified":"2026-01-09T12:56:51","modified_gmt":"2026-01-09T11:56:51","slug":"rechtsanwaeltin-tanja-leitermann","status":"publish","type":"page","link":"https:\/\/www.kast-aigner.de\/?page_id=28011","title":{"rendered":"Rechtsanw\u00e4ltin Tanja Leitermann"},"content":{"rendered":"\n<p><img loading=\"lazy\" decoding=\"async\" class=\"alignnone wp-image-54248 size-full\" src=\"https:\/\/www.kast-aigner.de\/wp-content\/uploads\/2026\/01\/TL_25.jpg\" alt=\"Rechtsanw\u00e4ltin Tanja Leitermann\nFachanw\u00e4ltin f\u00fcr Handels- und Gesellschaftsrecht\nFachanw\u00e4ltin f\u00fcr Steuerrecht\" width=\"399\" height=\"600\" srcset=\"https:\/\/www.kast-aigner.de\/wp-content\/uploads\/2026\/01\/TL_25.jpg 399w, https:\/\/www.kast-aigner.de\/wp-content\/uploads\/2026\/01\/TL_25-200x300.jpg 200w\" sizes=\"auto, (max-width: 399px) 100vw, 399px\" \/><\/p>\n<p>Rechtsanw\u00e4ltin Leitermann ist seit 2008 im Bereich des Unternehmensrechts t\u00e4tig und unterst\u00fctzt als angestellte Rechtsanw\u00e4ltin das Team von Kast &amp; Aigner.<\/p>\n<p>Sie ist <strong>Fachanw\u00e4ltin f\u00fcr Handels- und Gesellschaftsrecht<\/strong> sowie <strong>Fachanw\u00e4ltin f\u00fcr Steuerrecht<\/strong>. Ihre T\u00e4tigkeitsschwerpunkte liegen im:<\/p>\n<ul>\n<li>Handels- und Gesellschaftsrecht<\/li>\n<li>Steuerrecht<\/li>\n<li>Vertragsgestaltung<\/li>\n<\/ul>\n","protected":false},"excerpt":{"rendered":"<p>Rechtsanw\u00e4ltin Leitermann ist seit 2008 im Bereich des Unternehmensrechts t\u00e4tig und unterst\u00fctzt als angestellte Rechtsanw\u00e4ltin das Team von Kast &amp; Aigner. Sie ist Fachanw\u00e4ltin f\u00fcr Handels- und Gesellschaftsrecht sowie Fachanw\u00e4ltin f\u00fcr Steuerrecht. Ihre T\u00e4tigkeitsschwerpunkte liegen im: Handels- und Gesellschaftsrecht Steuerrecht Vertragsgestaltung<\/p>\n","protected":false},"author":1,"featured_media":0,"parent":0,"menu_order":0,"comment_status":"closed","ping_status":"closed","template":"","meta":{"footnotes":""},"class_list":["post-28011","page","type-page","status-publish","hentry"],"_links":{"self":[{"href":"https:\/\/www.kast-aigner.de\/index.php?rest_route=\/wp\/v2\/pages\/28011","targetHints":{"allow":["GET"]}}],"collection":[{"href":"https:\/\/www.kast-aigner.de\/index.php?rest_route=\/wp\/v2\/pages"}],"about":[{"href":"https:\/\/www.kast-aigner.de\/index.php?rest_route=\/wp\/v2\/types\/page"}],"author":[{"embeddable":true,"href":"https:\/\/www.kast-aigner.de\/index.php?rest_route=\/wp\/v2\/users\/1"}],"replies":[{"embeddable":true,"href":"https:\/\/www.kast-aigner.de\/index.php?rest_route=%2Fwp%2Fv2%2Fcomments&post=28011"}],"version-history":[{"count":14,"href":"https:\/\/www.kast-aigner.de\/index.php?rest_route=\/wp\/v2\/pages\/28011\/revisions"}],"predecessor-version":[{"id":54252,"href":"https:\/\/www.kast-aigner.de\/index.php?rest_route=\/wp\/v2\/pages\/28011\/revisions\/54252"}],"wp:attachment":[{"href":"https:\/\/www.kast-aigner.de\/index.php?rest_route=%2Fwp%2Fv2%2Fmedia&parent=28011"}],"curies":[{"name":"wp","href":"https:\/\/api.w.org\/{rel}","templated":true}]}}