{"id":49,"date":"2017-10-20T21:10:07","date_gmt":"2017-10-20T19:10:07","guid":{"rendered":"http:\/\/kast-aigner.de\/?page_id=49"},"modified":"2026-01-09T12:54:54","modified_gmt":"2026-01-09T11:54:54","slug":"rechtsanwalt-aigner-sebastian","status":"publish","type":"page","link":"https:\/\/www.kast-aigner.de\/?page_id=49","title":{"rendered":"Rechtsanwalt Sebastian Aigner"},"content":{"rendered":"<p><img loading=\"lazy\" decoding=\"async\" class=\"wp-image-54247 size-full alignnone\" src=\"https:\/\/www.kast-aigner.de\/wp-content\/uploads\/2026\/01\/SA_25.jpg\" alt=\"Rechtsanwalt Sebastian Aigner\nErbrecht\nArbeitsrecht\" width=\"399\" height=\"600\" srcset=\"https:\/\/www.kast-aigner.de\/wp-content\/uploads\/2026\/01\/SA_25.jpg 399w, https:\/\/www.kast-aigner.de\/wp-content\/uploads\/2026\/01\/SA_25-200x300.jpg 200w\" sizes=\"auto, (max-width: 399px) 100vw, 399px\" \/><\/p>\n<p>Rechtsanwalt Aigner war bereits vor Abschluss seines Jurastudiums als Referendar in der ehemaligen Einzelkanzlei Kast und sp\u00e4ter als angestellter Rechtsanwalt t\u00e4tig. Am 01.05.2014 gr\u00fcndete er zusammen mit Rechtsanwalt Kast die jetzige Partnerschaftsgesellschaft. Seine Schwerpunkte liegen in folgenden Bereichen:<\/p>\n<ul>\n<li>Erbrecht (Mitglied in der Arbeitsgemeinschaft Erbrecht im Dt. Anwaltverein)<\/li>\n<li>Testamentsvollstrecker (DVEV)<\/li>\n<li>Arbeitsrecht<\/li>\n<li>allg. Vertragsrecht<\/li>\n<\/ul>\n<p><img loading=\"lazy\" decoding=\"async\" class=\"alignnone size-full wp-image-28013\" src=\"https:\/\/www.kast-aigner.de\/wp-content\/uploads\/2020\/09\/DAV_Erbrecht.jpg\" alt=\"\" width=\"300\" height=\"73\" \/><\/p>\n","protected":false},"excerpt":{"rendered":"<p>Rechtsanwalt Aigner war bereits vor Abschluss seines Jurastudiums als Referendar in der ehemaligen Einzelkanzlei Kast und sp\u00e4ter als angestellter Rechtsanwalt t\u00e4tig. Am 01.05.2014 gr\u00fcndete er zusammen mit Rechtsanwalt Kast die jetzige Partnerschaftsgesellschaft. Seine Schwerpunkte liegen in folgenden Bereichen: Erbrecht (Mitglied in der Arbeitsgemeinschaft Erbrecht im Dt. Anwaltverein) Testamentsvollstrecker (DVEV) Arbeitsrecht allg. Vertragsrecht<\/p>\n","protected":false},"author":1,"featured_media":0,"parent":0,"menu_order":0,"comment_status":"closed","ping_status":"closed","template":"","meta":{"footnotes":""},"class_list":["post-49","page","type-page","status-publish","hentry"],"_links":{"self":[{"href":"https:\/\/www.kast-aigner.de\/index.php?rest_route=\/wp\/v2\/pages\/49","targetHints":{"allow":["GET"]}}],"collection":[{"href":"https:\/\/www.kast-aigner.de\/index.php?rest_route=\/wp\/v2\/pages"}],"about":[{"href":"https:\/\/www.kast-aigner.de\/index.php?rest_route=\/wp\/v2\/types\/page"}],"author":[{"embeddable":true,"href":"https:\/\/www.kast-aigner.de\/index.php?rest_route=\/wp\/v2\/users\/1"}],"replies":[{"embeddable":true,"href":"https:\/\/www.kast-aigner.de\/index.php?rest_route=%2Fwp%2Fv2%2Fcomments&post=49"}],"version-history":[{"count":22,"href":"https:\/\/www.kast-aigner.de\/index.php?rest_route=\/wp\/v2\/pages\/49\/revisions"}],"predecessor-version":[{"id":54250,"href":"https:\/\/www.kast-aigner.de\/index.php?rest_route=\/wp\/v2\/pages\/49\/revisions\/54250"}],"wp:attachment":[{"href":"https:\/\/www.kast-aigner.de\/index.php?rest_route=%2Fwp%2Fv2%2Fmedia&parent=49"}],"curies":[{"name":"wp","href":"https:\/\/api.w.org\/{rel}","templated":true}]}}