{"id":51,"date":"2017-10-20T21:10:23","date_gmt":"2017-10-20T19:10:23","guid":{"rendered":"http:\/\/kast-aigner.de\/?page_id=51"},"modified":"2026-01-09T12:55:58","modified_gmt":"2026-01-09T11:55:58","slug":"rechtsanwalt-kast-florian","status":"publish","type":"page","link":"https:\/\/www.kast-aigner.de\/?page_id=51","title":{"rendered":"Rechtsanwalt Florian Kast"},"content":{"rendered":"<p><img loading=\"lazy\" decoding=\"async\" class=\"alignnone wp-image-54246 size-full\" src=\"https:\/\/www.kast-aigner.de\/wp-content\/uploads\/2026\/01\/KF_25.jpg\" alt=\"Rechtsanwalt Florian Kast\nHandels- und Gesellschaftsrecht\" width=\"399\" height=\"600\" srcset=\"https:\/\/www.kast-aigner.de\/wp-content\/uploads\/2026\/01\/KF_25.jpg 399w, https:\/\/www.kast-aigner.de\/wp-content\/uploads\/2026\/01\/KF_25-200x300.jpg 200w\" sizes=\"auto, (max-width: 399px) 100vw, 399px\" \/><\/p>\n<p>Rechtsanwalt Kast ist seit 2003 als Rechtsanwalt t\u00e4tig.<\/p>\n<p>Im Jahr 2004 hat er die Kanzlei Kast als Einzelkanzlei geg\u00fcndet. Am 01.05.2014 gr\u00fcndete er zusammen mit Rechtsanwalt Aigner die Kast &amp; Aigner Rechtsanw\u00e4lte Partnerschaftsgesellschaft mbB. Seine Schwerpunkte liegen in folgenden Bereichen:<\/p>\n<ul>\n<li>Handels- und Gesellschaftsrecht (Mitglied in der Arbeitsgemeinschaft Handels- und Gesellschaftsrecht im Dt. Anwaltverein)<i><br \/>\n<\/i><\/li>\n<li>Unternehmensrecht<\/li>\n<li>allgemeines Vertragsrecht<\/li>\n<\/ul>\n<p><img loading=\"lazy\" decoding=\"async\" class=\"alignnone size-medium wp-image-10747\" src=\"https:\/\/www.kast-aigner.de\/wp-content\/uploads\/2018\/12\/Mitglied_arge_Handels_Gesellschaftsrecht-300x73.jpg\" alt=\"\" width=\"300\" height=\"73\" srcset=\"https:\/\/www.kast-aigner.de\/wp-content\/uploads\/2018\/12\/Mitglied_arge_Handels_Gesellschaftsrecht-300x73.jpg 300w, https:\/\/www.kast-aigner.de\/wp-content\/uploads\/2018\/12\/Mitglied_arge_Handels_Gesellschaftsrecht-768x187.jpg 768w, https:\/\/www.kast-aigner.de\/wp-content\/uploads\/2018\/12\/Mitglied_arge_Handels_Gesellschaftsrecht-700x170.jpg 700w, https:\/\/www.kast-aigner.de\/wp-content\/uploads\/2018\/12\/Mitglied_arge_Handels_Gesellschaftsrecht-800x194.jpg 800w, https:\/\/www.kast-aigner.de\/wp-content\/uploads\/2018\/12\/Mitglied_arge_Handels_Gesellschaftsrecht.jpg 1514w\" sizes=\"auto, (max-width: 300px) 100vw, 300px\" \/><\/p>\n","protected":false},"excerpt":{"rendered":"<p>Rechtsanwalt Kast ist seit 2003 als Rechtsanwalt t\u00e4tig. Im Jahr 2004 hat er die Kanzlei Kast als Einzelkanzlei geg\u00fcndet. Am 01.05.2014 gr\u00fcndete er zusammen mit Rechtsanwalt Aigner die Kast &amp; Aigner Rechtsanw\u00e4lte Partnerschaftsgesellschaft mbB. Seine Schwerpunkte liegen in folgenden Bereichen: Handels- und Gesellschaftsrecht (Mitglied in der Arbeitsgemeinschaft Handels- und Gesellschaftsrecht im Dt. Anwaltverein) Unternehmensrecht allgemeines&#8230;<\/p>\n","protected":false},"author":1,"featured_media":0,"parent":0,"menu_order":0,"comment_status":"closed","ping_status":"closed","template":"","meta":{"footnotes":""},"class_list":["post-51","page","type-page","status-publish","hentry"],"_links":{"self":[{"href":"https:\/\/www.kast-aigner.de\/index.php?rest_route=\/wp\/v2\/pages\/51","targetHints":{"allow":["GET"]}}],"collection":[{"href":"https:\/\/www.kast-aigner.de\/index.php?rest_route=\/wp\/v2\/pages"}],"about":[{"href":"https:\/\/www.kast-aigner.de\/index.php?rest_route=\/wp\/v2\/types\/page"}],"author":[{"embeddable":true,"href":"https:\/\/www.kast-aigner.de\/index.php?rest_route=\/wp\/v2\/users\/1"}],"replies":[{"embeddable":true,"href":"https:\/\/www.kast-aigner.de\/index.php?rest_route=%2Fwp%2Fv2%2Fcomments&post=51"}],"version-history":[{"count":16,"href":"https:\/\/www.kast-aigner.de\/index.php?rest_route=\/wp\/v2\/pages\/51\/revisions"}],"predecessor-version":[{"id":54251,"href":"https:\/\/www.kast-aigner.de\/index.php?rest_route=\/wp\/v2\/pages\/51\/revisions\/54251"}],"wp:attachment":[{"href":"https:\/\/www.kast-aigner.de\/index.php?rest_route=%2Fwp%2Fv2%2Fmedia&parent=51"}],"curies":[{"name":"wp","href":"https:\/\/api.w.org\/{rel}","templated":true}]}}